{"id":2437,"date":"2023-11-11T22:41:29","date_gmt":"2023-11-11T21:41:29","guid":{"rendered":"https:\/\/transformationhealing.net\/pravila-privatnosti\/"},"modified":"2025-03-19T14:55:59","modified_gmt":"2025-03-19T13:55:59","slug":"privacy-policy","status":"publish","type":"page","link":"https:\/\/transformationhealing.net\/en\/privacy-policy\/","title":{"rendered":"Privacy Policy"},"content":{"rendered":"<style>.kb-row-layout-id2437_daa496-d0 > .kt-row-column-wrap{align-content:start;}:where(.kb-row-layout-id2437_daa496-d0 > .kt-row-column-wrap) > .wp-block-kadence-column{justify-content:start;}.kb-row-layout-id2437_daa496-d0 > .kt-row-column-wrap{column-gap:var(--global-kb-gap-md, 2rem);row-gap:var(--global-kb-gap-md, 2rem);max-width:var( --global-content-width, 1440px );padding-left:var(--global-content-edge-padding);padding-right:var(--global-content-edge-padding);padding-top:var(--global-kb-spacing-sm, 1.5rem);padding-bottom:var(--global-kb-spacing-sm, 1.5rem);grid-template-columns:minmax(0, 1fr);}.kb-row-layout-id2437_daa496-d0 > .kt-row-layout-overlay{opacity:0.30;}@media all and (max-width: 1024px){.kb-row-layout-id2437_daa496-d0 > .kt-row-column-wrap{grid-template-columns:minmax(0, 1fr);}}@media all and (max-width: 767px){.kb-row-layout-id2437_daa496-d0 > .kt-row-column-wrap{grid-template-columns:minmax(0, 1fr);}}<\/style><div class=\"kb-row-layout-wrap kb-row-layout-id2437_daa496-d0 alignfull has-theme-palette8-background-color kt-row-has-bg wp-block-kadence-rowlayout\"><div class=\"kt-row-column-wrap kt-has-1-columns kt-row-layout-equal kt-tab-layout-inherit kt-mobile-layout-row kt-row-valign-top kb-theme-content-width\">\n<style>.kadence-column2437_636bd2-e9 > .kt-inside-inner-col,.kadence-column2437_636bd2-e9 > .kt-inside-inner-col:before{border-top-left-radius:0px;border-top-right-radius:0px;border-bottom-right-radius:0px;border-bottom-left-radius:0px;}.kadence-column2437_636bd2-e9 > .kt-inside-inner-col{column-gap:var(--global-kb-gap-sm, 1rem);}.kadence-column2437_636bd2-e9 > .kt-inside-inner-col{flex-direction:column;}.kadence-column2437_636bd2-e9 > .kt-inside-inner-col > .aligncenter{width:100%;}.kadence-column2437_636bd2-e9 > .kt-inside-inner-col:before{opacity:0.3;}.kadence-column2437_636bd2-e9{position:relative;}@media all and (max-width: 1024px){.kadence-column2437_636bd2-e9 > .kt-inside-inner-col{flex-direction:column;justify-content:center;}}@media all and (max-width: 767px){.kadence-column2437_636bd2-e9 > .kt-inside-inner-col{flex-direction:column;justify-content:center;}}<\/style>\n<div class=\"wp-block-kadence-column kadence-column2437_636bd2-e9\"><div class=\"kt-inside-inner-col\"><style>.wp-block-kadence-advancedheading.kt-adv-heading2437_af6720-df, .wp-block-kadence-advancedheading.kt-adv-heading2437_af6720-df[data-kb-block=\"kb-adv-heading2437_af6720-df\"]{font-style:normal;}.wp-block-kadence-advancedheading.kt-adv-heading2437_af6720-df mark.kt-highlight, .wp-block-kadence-advancedheading.kt-adv-heading2437_af6720-df[data-kb-block=\"kb-adv-heading2437_af6720-df\"] mark.kt-highlight{font-style:normal;color:#f76a0c;-webkit-box-decoration-break:clone;box-decoration-break:clone;padding-top:0px;padding-right:0px;padding-bottom:0px;padding-left:0px;}.wp-block-kadence-advancedheading.kt-adv-heading2437_af6720-df img.kb-inline-image, .wp-block-kadence-advancedheading.kt-adv-heading2437_af6720-df[data-kb-block=\"kb-adv-heading2437_af6720-df\"] img.kb-inline-image{width:150px;vertical-align:baseline;}<\/style>\n<h2 class=\"kt-adv-heading2437_af6720-df wp-block-kadence-advancedheading\" data-kb-block=\"kb-adv-heading2437_af6720-df\"><\/h2>\n\n\n\n<p class=\"has-theme-palette-4-color has-text-color has-link-color wp-elements-586cd20f8392574ca2d5d5952eb96039\"><strong>Transformation Healing by Tatjana<\/strong> \u2013 Studio Hara, Ulica bana Josipa Jela\u010di\u0107a 18, 40 000 \u010cakovec (hereinafter referred to as <em>Transformation Healing<\/em>) respects your privacy and bases its website on technologies that provide a better and safer online experience. This Privacy Policy applies to the collection and processing of your personal data and the use of cookies on the website <strong><a href=\"http:\/\/www.transformationhealing.net\">www.transformationhealing.net<\/a><\/strong> (hereinafter referred to as <em>the Website<\/em>).<\/p>\n\n\n\n<p>By using this Website, you agree to the methods of data collection and processing described in this Policy, as well as the storage and access to cookies on your device.<\/p>\n\n\n\n<h3 class=\"wp-block-heading\"><strong>Collection and Processing of Personal Data<\/strong><\/h3>\n\n\n\n<p>To maintain the functionality of the Website and provide the requested services, Transformation Healing may collect and use users&#8217; personal data. Depending on the purpose, the following personal data may be collected via <strong><a href=\"https:\/\/transformationhealing.net\/\">https:\/\/transformationhealing.net\/<\/a><\/strong>: Name and surname, Email address, Home address, Phone number<\/p>\n\n\n\n<p>By entering your personal data in the designated fields, you consent to their use for the specified purpose.<\/p>\n\n\n\n<p>Additionally, Transformation Healing collects data about your computer, which may include: Website addresses visited, IP address, Browser type, Access time<\/p>\n\n\n\n<p>The collected data, as well as information obtained through service provision and business interactions with clients, are processed for the purposes for which they were provided\u2014such as website usage, service delivery, and informing you about available services. Transformation Healing may use this information to enhance user experience, eliminate the need for repeated data entry, and tailor the Website to your preferences and interests.<\/p>\n\n\n\n<p><strong>Transformation Healing does not sell, rent, or lease its user list to third parties.<\/strong> However, with a confidentiality obligation, it may share data with trusted partners for purposes such as: Statistical analysis, User support, Delivery organization<\/p>\n\n\n\n<p>Such third parties are prohibited from further processing your personal data.<br><\/p>\n\n\n\n<p>You have the right to:<\/p>\n\n\n\n<ul class=\"wp-block-list\">\n<li>Access your personal data<\/li>\n\n\n\n<li>Request data correction<\/li>\n\n\n\n<li>Withdraw consent for data processing (partially or fully)<\/li>\n\n\n\n<li>Object to the processing of personal data for marketing purposes<\/li>\n<\/ul>\n\n\n\n<p>For managing cookies and related consents, we use the <strong>Real Cookie Banner<\/strong> tool. More information can be found at: <strong><a>https:\/\/devowl.io\/rcb\/data-processing\/<\/a><\/strong>.<\/p>\n\n\n\n<p>The legal basis for personal data processing in this context is <strong>Article 6(1)(c) and Article 6(1)(f) of the GDPR<\/strong>. Our legitimate interest is managing cookies and related consents.<\/p>\n\n\n\n<p>Providing personal data is <strong>not required by contract<\/strong>. However, if you choose not to provide certain data, we may not be able to manage your consents.<\/p>\n\n\n\n<h3 class=\"wp-block-heading\"><strong>Security of Your Personal Data<\/strong><\/h3>\n\n\n\n<p>The Transformation Healing website protects your personal data from unauthorized access, use, or disclosure. Data is stored on controlled and secure servers, protected from unauthorized access.<\/p>\n\n\n\n<p>If you have any concerns about your personal data, you can contact us at: <strong><a>th.bytatjana@gmail.com<\/a><\/strong>.<\/p>\n\n\n\n<p>You may also submit a complaint to the relevant data protection authority: <strong>Agency for Personal Data Protection (AZOP)<\/strong>.<\/p>\n\n\n\n<h3 class=\"wp-block-heading\"><strong>Use of Cookies<\/strong><\/h3>\n\n\n\n<p>The Website <strong><a href=\"https:\/\/transformationhealing.net\/\">https:\/\/transformationhealing.net\/<\/a><\/strong> uses cookies\u2014text files placed on your computer by your web browser. Cookies store and retrieve data to facilitate website functionality and enhance the user experience.<\/p>\n\n\n\n<p>Cookies can be:<\/p>\n\n\n\n<ul class=\"wp-block-list\">\n<li><strong>Temporary (session cookies)<\/strong> \u2013 stored only during the website visit<\/li>\n\n\n\n<li><strong>Persistent cookies<\/strong> \u2013 remain stored even after leaving the website<\/li>\n<\/ul>\n\n\n\n<p>Third-party cookies are used for <strong>statistical analysis<\/strong> of website visits. These may collect anonymous data, such as:<\/p>\n\n\n\n<ul class=\"wp-block-list\">\n<li>IP address<\/li>\n\n\n\n<li>Browser information<\/li>\n\n\n\n<li>Language settings<\/li>\n\n\n\n<li>Operating system<\/li>\n<\/ul>\n\n\n\n<p>The Website <strong>does not use cookies that install malware or execute programs<\/strong> on your device.<\/p>\n\n\n\n<h3 class=\"wp-block-heading\"><strong>Types of Cookies<\/strong>?<\/h3>\n\n\n\n<p><strong>First-party cookies<\/strong> \u2013 Installed by the website you are visiting. <\/p>\n\n\n\n<p><strong>Third-party cookies<\/strong> \u2013 Installed by external organizations for analytics, advertising, or other services. <\/p>\n\n\n\n<p><strong>Persistent cookies<\/strong> \u2013 Remain stored after closing the browser, allowing the website to remember login details. <\/p>\n\n\n\n<p><strong>Session cookies<\/strong> \u2013 Deleted upon closing the browser and used for temporary data storage.<\/p>\n\n\n\n<h5 class=\"wp-block-heading\"><strong>Managing Cookies<\/strong><\/h5>\n\n\n\n<p>You can delete or disable cookies via your browser settings. However, disabling cookies may affect website functionality.<\/p>\n\n\n\n<p>For instructions on managing cookies in common web browsers, visit:<\/p>\n\n\n\n<p><strong>Microsoft Internet Explorer<\/strong><\/p>\n\n\n\n<p><strong>Google Chrome<\/strong><\/p>\n\n\n\n<p><strong>Mozilla Firefox<\/strong><\/p>\n\n\n\n<p><strong>Apple Safari<\/strong><\/p>\n\n\n\n<p><strong>Opera<\/strong><\/p>\n\n\n\n<p><strong>Microsoft Edge<\/strong><\/p>\n\n\n\n<ul class=\"wp-block-list\">\n<li><a href=\"https:\/\/support.google.com\/accounts\/answer\/61416\" target=\"_blank\" rel=\"noreferrer noopener\">Google Chrome<\/a><\/li>\n\n\n\n<li><a href=\"https:\/\/support.mozilla.org\/en-US\/kb\/enable-and-disable-cookies-website-preferences\" target=\"_blank\" rel=\"noreferrer noopener\">Mozilla Firefox<\/a><\/li>\n\n\n\n<li><a href=\"https:\/\/support.apple.com\/guide\/safari\/manage-cookies-and-website-data-sfri11471\/mac\" target=\"_blank\" rel=\"noreferrer noopener\">Apple Safari<\/a><\/li>\n\n\n\n<li><a href=\"https:\/\/www.opera.com\/help\/tutorials\/security\/privacy\/\" target=\"_blank\" rel=\"noreferrer noopener\">Opera<\/a><\/li>\n\n\n\n<li><a href=\"https:\/\/privacy.microsoft.com\/en-us\/windows-10-microsoft-edge-and-privacy\" target=\"_blank\" rel=\"noreferrer noopener\">Microsoft Edge<\/a><\/li>\n\n\n\n<li><a href=\"https:\/\/support.microsoft.com\/en-us\/help\/17442\/windows-internet-explorer-delete-manage-cookies\" target=\"_blank\" rel=\"noreferrer noopener\">Microsoft Internet Explorer<\/a><\/li>\n<\/ul>\n\n\n\n<h2 class=\"wp-block-heading\"><strong>Terms and Changes<\/strong><\/h2>\n\n\n\n<p>This Privacy Policy governs the use of cookies and personal data collected under this Policy (excluding third-party cookies). Transformation Healing reserves the right to modify this Policy at any time to reflect new information and ensure transparency about data protection practices. We recommend checking this page periodically for updates.<\/p>\n\n\n\n<h3 class=\"wp-block-heading\"><strong>Contact Information<\/strong><\/h3>\n\n\n\n<p>If you have any questions, comments, or concerns regarding this Privacy Policy, please contact us at:<\/p>\n\n\n\n<p> <strong><a>th.bytatjana@gmail.com<\/a><\/strong><\/p>\n<\/div><\/div>\n\n<\/div><\/div>","protected":false},"excerpt":{"rendered":"<p>Transformation Healing by Tatjana \u2013 Studio Hara, Ulica bana Josipa Jela\u010di\u0107a 18, 40 000 \u010cakovec (hereinafter referred to as Transformation Healing) respects your privacy and bases its website on technologies that provide a better and safer online experience. This Privacy Policy applies to the collection and processing of your personal data and the use of&#8230;<\/p>\n","protected":false},"author":1,"featured_media":0,"parent":0,"menu_order":0,"comment_status":"closed","ping_status":"closed","template":"","meta":{"_kad_blocks_custom_css":"","_kad_blocks_head_custom_js":"","_kad_blocks_body_custom_js":"","_kad_blocks_footer_custom_js":"","_kadence_starter_templates_imported_post":false,"_kad_post_transparent":"","_kad_post_title":"show","_kad_post_layout":"normal","_kad_post_sidebar_id":"","_kad_post_content_style":"unboxed","_kad_post_vertical_padding":"hide","_kad_post_feature":"","_kad_post_feature_position":"","_kad_post_header":false,"_kad_post_footer":false,"_kad_post_classname":"","iawp_total_views":15,"footnotes":""},"class_list":["post-2437","page","type-page","status-publish","hentry"],"taxonomy_info":[],"featured_image_src_large":false,"author_info":{"display_name":"admin","author_link":"https:\/\/transformationhealing.net\/en\/author\/maik_daniel_w4dud3gl\/"},"comment_info":0,"_links":{"self":[{"href":"https:\/\/transformationhealing.net\/en\/wp-json\/wp\/v2\/pages\/2437","targetHints":{"allow":["GET"]}}],"collection":[{"href":"https:\/\/transformationhealing.net\/en\/wp-json\/wp\/v2\/pages"}],"about":[{"href":"https:\/\/transformationhealing.net\/en\/wp-json\/wp\/v2\/types\/page"}],"author":[{"embeddable":true,"href":"https:\/\/transformationhealing.net\/en\/wp-json\/wp\/v2\/users\/1"}],"replies":[{"embeddable":true,"href":"https:\/\/transformationhealing.net\/en\/wp-json\/wp\/v2\/comments?post=2437"}],"version-history":[{"count":2,"href":"https:\/\/transformationhealing.net\/en\/wp-json\/wp\/v2\/pages\/2437\/revisions"}],"predecessor-version":[{"id":2442,"href":"https:\/\/transformationhealing.net\/en\/wp-json\/wp\/v2\/pages\/2437\/revisions\/2442"}],"wp:attachment":[{"href":"https:\/\/transformationhealing.net\/en\/wp-json\/wp\/v2\/media?parent=2437"}],"curies":[{"name":"wp","href":"https:\/\/api.w.org\/{rel}","templated":true}]}}